{"id":2,"date":"2016-04-27T03:35:31","date_gmt":"2016-04-27T03:35:31","guid":{"rendered":"http:\/\/wp451m.a10-52-158-154.qa.plesk.ru\/wordpress\/?page_id=2"},"modified":"2023-12-30T17:16:56","modified_gmt":"2023-12-30T17:16:56","slug":"sample-page","status":"publish","type":"page","link":"http:\/\/psychotherapie-pilger.de\/","title":{"rendered":"Herzlich willkommen!"},"content":{"rendered":"<p>Es freut mich, dass Sie sich f\u00fcr mein Angebot interessieren.<\/p>\n<p>Verschiedene Situationen, Anforderungen oder Ver\u00e4nderungen im Leben k\u00f6nnen eine Herausforderung darstellen, der man sich mitunter nicht gewachsen sieht und eine professionelle \/ psychologischer Unterst\u00fctzung bzw. Therapie hilfreich sein kann.<br \/>\nSo k\u00f6nnen \u00dcberforderungen im beruflichen und\/oder privaten Alltag zu Stressreaktionen f\u00fchren, die wenn sie unber\u00fccksichtigt bleiben, zu psychischen Belastungsreaktionen wie Schlafst\u00f6rungen, \u00c4ngsten, einem Burnout oder einer Depression bis hin zu k\u00f6rperlichen Beschwerden und langfristig zu einer Entwicklung von k\u00f6rperlichen Erkrankungen f\u00fchren k\u00f6nnen. Aber auch sogenannte kritische Lebensereignisse wie sie z.B. eine Krebs- oder andere schwere Erkrankung, andere famili\u00e4re oder soziale Belastungen oder Todesf\u00e4lle k\u00f6nnen dazu f\u00fchren, dass man Hilfe zur Bew\u00e4ltigung braucht.<\/p>\n<p>Auf den folgenden Seiten k\u00f6nnen Sie sich \u00fcber meine Angebote, Methoden und Ablauf informieren. Meine Schwerpunkte sind die <strong>Psychoonkologie, Hypnose<\/strong>\u00a0und <strong>Hypnotherapie<\/strong>.<\/p>\n<p>Auch <strong>Video-Sprechstunden<\/strong>\u00a0sind m\u00f6glich! \u00dcber einen sicheren, zertifizierten Anbieter k\u00f6nnen wir Gespr\u00e4che verabreden und durchf\u00fchren.<\/p>\n<p>Gerne k\u00f6nnen Sie telefonisch oder per Mail Kontakt mit mir aufnehmen, um weitere Fragen zu kl\u00e4ren.<\/p>\n<p>Herzliche Gr\u00fc\u00dfe<\/p>\n<p>Antje Pilger<\/p>\n<p>Tel: 0049 178 320 6746<\/p>\n<p>E-Mail: <a href=\"mailto:info@psychotherapie-pilger.de\">info@psychotherapie-pilger.de<\/a><\/p>\n<p>Kontaktaufnahme per E-Mail: Ich weise darauf hin, dass die Daten\u00fcbertragung im Internet Sicherheitsl\u00fccken aufweisen kann. Ein l\u00fcckenloser Schutz der Daten vor dem Zugriff durch Dritte ist nicht m\u00f6glich. Sollten Sie \u00fcber E-Mail Kontakt mit mir aufnehmen, erfolgt die Verarbeitung Ihrer Daten aufgrund Ihrer freiwillig erteilten Einwilligung gem\u00e4\u00df Artikel 6 Abs 1 Satz 1 lit a DSGVO. Die Angabe Ihrer g\u00fcltigen E-Mail Adresse ist erforderlich, um Ihre Anfrage beantworten zu k\u00f6nnen. Diese Daten und Ihre Nachricht werden nur zur Bearbeitung und Beantwortung Ihrer Anfrage gespeichert. Die Daten werden gel\u00f6scht, sobald sie nicht mehr erforderlich sind und keine gesetzliche Aufbewahrungspflicht besteht. Eine Weitergabe an Dritte erfolgt nicht. Bitte bedenken Sie, dass vertraulichen Informationen, insbesondere Gesundheitsdaten evt. durch Dritte gelesen werden k\u00f6nnten. Wenn Sie das auf jeden Fall ausschlie\u00dfen m\u00f6chten, nutzen Sie diese E-Mail nur zur ersten Kontaktaufnahme.<\/p>\n","protected":false},"excerpt":{"rendered":"<p>Es freut mich, dass Sie sich f\u00fcr mein Angebot interessieren. Verschiedene Situationen, Anforderungen oder Ver\u00e4nderungen im Leben k\u00f6nnen eine Herausforderung darstellen, der man sich mitunter nicht gewachsen sieht und eine professionelle \/ psychologischer Unterst\u00fctzung bzw. Therapie hilfreich sein kann. So k\u00f6nnen \u00dcberforderungen im beruflichen und\/oder privaten Alltag zu Stressreaktionen f\u00fchren, die wenn sie unber\u00fccksichtigt bleiben, &#8230;<\/p>\n","protected":false},"author":1,"featured_media":0,"parent":0,"menu_order":0,"comment_status":"closed","ping_status":"open","template":"template-full-width.php","meta":{"footnotes":""},"class_list":["post-2","page","type-page","status-publish","hentry"],"_links":{"self":[{"href":"http:\/\/psychotherapie-pilger.de\/index.php?rest_route=\/wp\/v2\/pages\/2","targetHints":{"allow":["GET"]}}],"collection":[{"href":"http:\/\/psychotherapie-pilger.de\/index.php?rest_route=\/wp\/v2\/pages"}],"about":[{"href":"http:\/\/psychotherapie-pilger.de\/index.php?rest_route=\/wp\/v2\/types\/page"}],"author":[{"embeddable":true,"href":"http:\/\/psychotherapie-pilger.de\/index.php?rest_route=\/wp\/v2\/users\/1"}],"replies":[{"embeddable":true,"href":"http:\/\/psychotherapie-pilger.de\/index.php?rest_route=%2Fwp%2Fv2%2Fcomments&post=2"}],"version-history":[{"count":23,"href":"http:\/\/psychotherapie-pilger.de\/index.php?rest_route=\/wp\/v2\/pages\/2\/revisions"}],"predecessor-version":[{"id":306,"href":"http:\/\/psychotherapie-pilger.de\/index.php?rest_route=\/wp\/v2\/pages\/2\/revisions\/306"}],"wp:attachment":[{"href":"http:\/\/psychotherapie-pilger.de\/index.php?rest_route=%2Fwp%2Fv2%2Fmedia&parent=2"}],"curies":[{"name":"wp","href":"https:\/\/api.w.org\/{rel}","templated":true}]}}