{"id":31,"date":"2016-06-07T18:04:20","date_gmt":"2016-06-07T18:04:20","guid":{"rendered":"http:\/\/psychotherapie-pilger.de\/?page_id=31"},"modified":"2024-01-26T12:04:11","modified_gmt":"2024-01-26T12:04:11","slug":"ueber-mich","status":"publish","type":"page","link":"http:\/\/psychotherapie-pilger.de\/?page_id=31","title":{"rendered":"\u00dcber mich"},"content":{"rendered":"<p><img loading=\"lazy\" decoding=\"async\" class=\"alignright size-medium wp-image-39\" src=\"http:\/\/psychotherapie-pilger.de\/wp-content\/uploads\/2016\/06\/image-233x300.jpeg\" alt=\"Antje Pilger\" width=\"233\" height=\"300\" srcset=\"http:\/\/psychotherapie-pilger.de\/wp-content\/uploads\/2016\/06\/image-233x300.jpeg 233w, http:\/\/psychotherapie-pilger.de\/wp-content\/uploads\/2016\/06\/image.jpeg 700w\" sizes=\"auto, (max-width: 233px) 100vw, 233px\" \/><\/p>\n<p><b>Aus-und Weiterbildung:<\/b><\/p>\n<ul>\n<li>Ausbildung zur examinierten Krankenschwester am Malteser- Krankenhaus Bonn<\/li>\n<li>Psychologie-Studium Uni Bonn mit Abschluss Diplom-Psychologin<\/li>\n<li>Heilkunde-Erlaubnis f\u00fcr Psychotherapie nach HeilprG<\/li>\n<li>Weiterbildung zur <strong>Psychoonkologin (DKG)<\/strong> am ID-Institut Kassel bei Christa\u00a0Diegelmann und Margarete Isermann.<\/li>\n<li>Weiterbildung in <strong>klinischer Hypnose und Hypnotherapie (DGH)<\/strong> am Klingenberger Institut f\u00fcr klinische Hypnose bei Prof. Dr. Walter Bongartz<\/li>\n<li>Regelm\u00e4\u00dfige Teilnahme an verschiedenen Fortbildungen und Qualit\u00e4tszirkeln<\/li>\n<\/ul>\n<p><strong>Berufliche<\/strong> <strong>T\u00e4tigkeiten<\/strong>:<\/p>\n<ul>\n<li>examinierte Krankenschwester Malteser-Krankenhaus Bonn w\u00e4hrend dem Studium<\/li>\n<li>Diplom-Psychologin auf der Palliativstation und der Schmerztagesklinik im St. Elisabeth-Krankenhaus Neuwied<\/li>\n<li>Einzel \u2013 und Gruppentherapie f\u00fcr chronische Schmerzpatienten in\u00a0Zusammenarbeit mit Praxis Achim Bechtold (An\u00e4thesist und Schmerztherapeut) in Villingen-Schwenningen<\/li>\n<li>2010 bis 2019 als Psychoonkologin in der H\u00e4matologie-Onkologie des\u00a0Schwarzwald-Baar-Klinikum in Villingen-Schwenningen<\/li>\n<li>davon drei Jahre als Psychoonkologin im Palliativ-Zentrum\u00a0des Schwarzwald-Baar-Klinikum in Villingen-Schwenningen<\/li>\n<li>2019- 2023 als Psychoonkologin in Teilzeit im Kantonsspital M\u00fcnsterlingen und Frauenfeld (Medizinische Klinik\/ Psychosomatik)<\/li>\n<li>seit Januar 2024 Leitung der Krebsberatungsstelle Schwarzwald-Baar-Heuberg in Villingen-Schwenningen<\/li>\n<li>Seit Juli 2016 in eigener Praxis<\/li>\n<\/ul>\n<p>Ich bin Jahrgang 1963, verheiratet, habe eine Tochter.<\/p>\n","protected":false},"excerpt":{"rendered":"<p>Aus-und Weiterbildung: Ausbildung zur examinierten Krankenschwester am Malteser- Krankenhaus Bonn Psychologie-Studium Uni Bonn mit Abschluss Diplom-Psychologin Heilkunde-Erlaubnis f\u00fcr Psychotherapie nach HeilprG Weiterbildung zur Psychoonkologin (DKG) am ID-Institut Kassel bei Christa\u00a0Diegelmann und Margarete Isermann. Weiterbildung in klinischer Hypnose und Hypnotherapie (DGH) am Klingenberger Institut f\u00fcr klinische Hypnose bei Prof. Dr. Walter Bongartz Regelm\u00e4\u00dfige Teilnahme an verschiedenen &#8230;<\/p>\n","protected":false},"author":1,"featured_media":0,"parent":0,"menu_order":0,"comment_status":"closed","ping_status":"closed","template":"template-full-width.php","meta":{"footnotes":""},"class_list":["post-31","page","type-page","status-publish","hentry"],"_links":{"self":[{"href":"http:\/\/psychotherapie-pilger.de\/index.php?rest_route=\/wp\/v2\/pages\/31","targetHints":{"allow":["GET"]}}],"collection":[{"href":"http:\/\/psychotherapie-pilger.de\/index.php?rest_route=\/wp\/v2\/pages"}],"about":[{"href":"http:\/\/psychotherapie-pilger.de\/index.php?rest_route=\/wp\/v2\/types\/page"}],"author":[{"embeddable":true,"href":"http:\/\/psychotherapie-pilger.de\/index.php?rest_route=\/wp\/v2\/users\/1"}],"replies":[{"embeddable":true,"href":"http:\/\/psychotherapie-pilger.de\/index.php?rest_route=%2Fwp%2Fv2%2Fcomments&post=31"}],"version-history":[{"count":24,"href":"http:\/\/psychotherapie-pilger.de\/index.php?rest_route=\/wp\/v2\/pages\/31\/revisions"}],"predecessor-version":[{"id":312,"href":"http:\/\/psychotherapie-pilger.de\/index.php?rest_route=\/wp\/v2\/pages\/31\/revisions\/312"}],"wp:attachment":[{"href":"http:\/\/psychotherapie-pilger.de\/index.php?rest_route=%2Fwp%2Fv2%2Fmedia&parent=31"}],"curies":[{"name":"wp","href":"https:\/\/api.w.org\/{rel}","templated":true}]}}