{"id":35,"date":"2016-06-07T18:16:17","date_gmt":"2016-06-07T18:16:17","guid":{"rendered":"http:\/\/psychotherapie-pilger.de\/?page_id=35"},"modified":"2024-01-26T12:05:15","modified_gmt":"2024-01-26T12:05:15","slug":"kontakt-anfahrt","status":"publish","type":"page","link":"http:\/\/psychotherapie-pilger.de\/?page_id=35","title":{"rendered":"Kontakt &#038; Anfahrt"},"content":{"rendered":"<h3 style=\"padding-left: 30px; text-align: left;\"><\/h3>\n<h3 style=\"padding-left: 30px; text-align: left;\"><\/h3>\n<h3 style=\"padding-left: 30px; text-align: left;\">Antje Pilger<\/h3>\n<h3>\u00a0 \u00a0 \u00a0c\/o Patricia Westerhausen<\/h3>\n<h3 style=\"padding-left: 30px; text-align: left;\">St. Stephans-Platz 4<\/h3>\n<h3>\u00a0 \u00a0 \u00a078462 Konstanz<\/h3>\n<h3 style=\"padding-left: 30px; text-align: left;\">Tel.: 0049 178 320 6746<\/h3>\n<h3 style=\"padding-left: 30px; text-align: left;\">mail: <a href=\"mailto:info@psychotherapie-pilger.de\">info@psychotherapie-pilger.de<\/a><\/h3>\n<h5>Meine Praxis geh\u00f6rt zu einer Gemeinschaftspraxis (Patricia Westerhausen und Sophie Wehde) und liegt im ersten Stock \u00fcber der B\u00e4ckerei Schneckenburger am St. Stephans-Platz 4. Da freitags bis 13 Uhr Markt auf dem Platz ist, kann erst ab 13.30 Uhr dort gegen eine Geb\u00fchr geparkt werden. Vormittags bietet es sich an im Parkhaus am B\u00fcrgerb\u00fcro Untere Laube zu parken, von dem Sie in wenigen Minuten am St. Stephans-Platz sind. Wenn Sie aus dem Parkhaus kommen rechts die Untere Laube bis zur n\u00e4chsten Ampel gehen, links \u00fcber die Ampel und immer gerade aus gehen, kommen Sie auf den Platz und laufen auf das Geb\u00e4ude der Praxis zu. Die unterste Klingel der Hausnummer 4 ist die Klingel der Praxis.<\/h5>\n<p>&nbsp;<\/p>\n<p>Kontaktaufnahme per E-Mail: Ich weise darauf hin, dass die Daten\u00fcbertragung im Internet Sicherheitsl\u00fccken aufweisen kann. Ein l\u00fcckenloser Schutz der Daten vor dem Zugriff durch Dritte ist nicht m\u00f6glich. Sollten Sie \u00fcber E-Mail Kontakt mit mir aufnehmen, erfolgt die Verarbeitung Ihrer Daten aufgrund Ihrer freiwillig erteilten Einwilligung gem\u00e4\u00df Artikel 6 Abs 1 Satz 1 lit a DSGVO. Die Angabe Ihrer g\u00fcltigen E-Mail Adresse ist erforderlich, um Ihre Anfrage beantworten zu k\u00f6nnen. Diese Daten und Ihre Nachricht werden nur zur Bearbeitung und Beantwortung Ihrer Anfrage gespeichert. Die Daten werden gel\u00f6scht, sobald sie nicht mehr erforderlich sind und keine gesetzliche Aufbewahrungspflicht besteht. Eine Weitergabe an Dritte erfolgt nicht. Bitte bedenken Sie, dass vertraulichen Informationen, insbesondere Gesundheitsdaten evt. durch Dritte gelesen werden k\u00f6nnten. Wenn Sie das auf jeden Fall ausschlie\u00dfen m\u00f6chten, nutzen Sie diese E-Mail nur zur ersten Kontaktaufnahme.<\/p>\n","protected":false},"excerpt":{"rendered":"<p>Antje Pilger \u00a0 \u00a0 \u00a0c\/o Patricia Westerhausen St. Stephans-Platz 4 \u00a0 \u00a0 \u00a078462 Konstanz Tel.: 0049 178 320 6746 mail: info@psychotherapie-pilger.de Meine Praxis geh\u00f6rt zu einer Gemeinschaftspraxis (Patricia Westerhausen und Sophie Wehde) und liegt im ersten Stock \u00fcber der B\u00e4ckerei Schneckenburger am St. Stephans-Platz 4. Da freitags bis 13 Uhr Markt auf dem Platz ist, &#8230;<\/p>\n","protected":false},"author":1,"featured_media":0,"parent":0,"menu_order":0,"comment_status":"closed","ping_status":"closed","template":"template-full-width.php","meta":{"footnotes":""},"class_list":["post-35","page","type-page","status-publish","hentry"],"_links":{"self":[{"href":"http:\/\/psychotherapie-pilger.de\/index.php?rest_route=\/wp\/v2\/pages\/35","targetHints":{"allow":["GET"]}}],"collection":[{"href":"http:\/\/psychotherapie-pilger.de\/index.php?rest_route=\/wp\/v2\/pages"}],"about":[{"href":"http:\/\/psychotherapie-pilger.de\/index.php?rest_route=\/wp\/v2\/types\/page"}],"author":[{"embeddable":true,"href":"http:\/\/psychotherapie-pilger.de\/index.php?rest_route=\/wp\/v2\/users\/1"}],"replies":[{"embeddable":true,"href":"http:\/\/psychotherapie-pilger.de\/index.php?rest_route=%2Fwp%2Fv2%2Fcomments&post=35"}],"version-history":[{"count":26,"href":"http:\/\/psychotherapie-pilger.de\/index.php?rest_route=\/wp\/v2\/pages\/35\/revisions"}],"predecessor-version":[{"id":313,"href":"http:\/\/psychotherapie-pilger.de\/index.php?rest_route=\/wp\/v2\/pages\/35\/revisions\/313"}],"wp:attachment":[{"href":"http:\/\/psychotherapie-pilger.de\/index.php?rest_route=%2Fwp%2Fv2%2Fmedia&parent=35"}],"curies":[{"name":"wp","href":"https:\/\/api.w.org\/{rel}","templated":true}]}}